{"id":5263,"date":"2022-01-30T14:18:50","date_gmt":"2022-01-30T14:18:50","guid":{"rendered":"https:\/\/ecolprint.pt\/staging\/?post_type=product&#038;p=5263"},"modified":"2022-02-04T11:01:01","modified_gmt":"2022-02-04T11:01:01","slug":"workforce-pro-wf-c21000-d4twf","status":"publish","type":"product","link":"https:\/\/ecolprint.pt\/staging\/produto\/workforce-pro-wf-c21000-d4twf\/","title":{"rendered":"WorkForce Pro WF-C21000 D4TWF"},"content":{"rendered":"<div class=\"fusion-fullwidth fullwidth-box fusion-builder-row-1 fusion-flex-container nonhundred-percent-fullwidth non-hundred-percent-height-scrolling\" style=\"--awb-border-radius-top-left:0px;--awb-border-radius-top-right:0px;--awb-border-radius-bottom-right:0px;--awb-border-radius-bottom-left:0px;--awb-flex-wrap:wrap;\" ><div class=\"fusion-builder-row fusion-row fusion-flex-align-items-flex-start fusion-flex-content-wrap\" style=\"max-width:1216.8px;margin-left: calc(-4% \/ 2 );margin-right: calc(-4% \/ 2 );\"><div class=\"fusion-layout-column fusion_builder_column fusion-builder-column-0 fusion_builder_column_1_1 1_1 fusion-flex-column\" style=\"--awb-bg-size:cover;--awb-width-large:100%;--awb-margin-top-large:0px;--awb-spacing-right-large:1.92%;--awb-margin-bottom-large:20px;--awb-spacing-left-large:1.92%;--awb-width-medium:100%;--awb-order-medium:0;--awb-spacing-right-medium:1.92%;--awb-spacing-left-medium:1.92%;--awb-width-small:100%;--awb-order-small:0;--awb-spacing-right-small:1.92%;--awb-spacing-left-small:1.92%;\"><div class=\"fusion-column-wrapper fusion-column-has-shadow fusion-flex-justify-content-flex-start fusion-content-layout-column\"><div id=\"ccs-inline-content\"><\/div>\n<div id=\"ccs-explore-product\"><\/div>\n<div id=\"ccs-feature-icons\"><\/div>\n<script type='text\/javascript'>\n\u00a0\u00a0\u00a0\u00a0\u00a0 var ccs_cc_args = ccs_cc_args || [];\n\n      \n      \/\/ Epson\n      ccs_cc_args.push(['cpn', 'CPN']);\n      ccs_cc_args.push(['mf', 'EPSON']);\n      ccs_cc_args.push(['pn', 'C11CH88401LL']);\n      ccs_cc_args.push(['upcean', 'UPC_EAN_CODE']);\n      ccs_cc_args.push(['ccid', 'CATALOG_CODE']);\n      ccs_cc_args.push(['lang', 'pt']);\n      ccs_cc_args.push(['market', 'pt']);\n      \n      (function () {\n         var o = ccs_cc_args; o.push(['_SKey', '3f234ad9']); o.push(['_ZoneId', '24ceeaa4fe']); \n         var sc = document.createElement('script'); sc.type = 'text\/javascript'; sc.async = true;\n         sc.src = ('https:' == document.location.protocol ? 'https:\/\/' : 'http:\/\/') + 'cdn.cnetcontent.com\/jsc\/h.js';\n         var n = document.getElementsByTagName('script')[0]; n.parentNode.insertBefore(sc, n);\n      })();\n      <\/script> <\/div><\/div><\/div><\/div>\n","protected":false},"excerpt":{"rendered":"<h2>Multifun\u00e7\u00f5es mono ultrarr\u00e1pida<\/h2>\n<p>Com velocidades de impress\u00e3o at\u00e9 100 ppm, esta multifun\u00e7\u00f5es monocrom\u00e1tica acess\u00edvel e eco-respons\u00e1vel oferece fiabilidade e um desempenho not\u00e1vel<\/p>\n","protected":false},"featured_media":5226,"template":"","meta":[],"product_brand":[],"product_cat":[17],"product_tag":[],"class_list":{"0":"post-5263","1":"product","2":"type-product","3":"status-publish","4":"has-post-thumbnail","6":"product_cat-workforce","8":"first","9":"instock","10":"shipping-taxable","11":"product-type-simple"},"yoast_head":"<!-- This site is optimized with the Yoast SEO plugin v25.5 - https:\/\/yoast.com\/wordpress\/plugins\/seo\/ -->\n<title>WorkForce Pro WF-C21000 D4TWF - Ecolprint<\/title>\n<meta name=\"description\" content=\"WorkForce Pro WF-C21000 D4TWF - EPSON\" \/>\n<meta name=\"robots\" content=\"index, follow, max-snippet:-1, max-image-preview:large, max-video-preview:-1\" \/>\n<link rel=\"canonical\" href=\"https:\/\/ecolprint.pt\/staging\/produto\/workforce-pro-wf-c21000-d4twf\/\" \/>\n<meta property=\"og:locale\" content=\"pt_PT\" \/>\n<meta property=\"og:type\" content=\"article\" \/>\n<meta property=\"og:title\" content=\"WorkForce Pro WF-C21000 D4TWF - Ecolprint\" \/>\n<meta property=\"og:description\" content=\"WorkForce Pro WF-C21000 D4TWF - EPSON\" \/>\n<meta property=\"og:url\" content=\"https:\/\/ecolprint.pt\/staging\/produto\/workforce-pro-wf-c21000-d4twf\/\" \/>\n<meta property=\"og:site_name\" content=\"Ecolprint\" \/>\n<meta property=\"article:publisher\" content=\"https:\/\/www.facebook.com\/Impressaoecologica\/\" \/>\n<meta property=\"article:modified_time\" content=\"2022-02-04T11:01:01+00:00\" \/>\n<meta property=\"og:image\" content=\"https:\/\/ecolprint.pt\/staging\/wp-content\/uploads\/2022\/01\/21143-productpicture-hires-en-wf-c20590d4twf_rny.png.png\" \/>\n\t<meta property=\"og:image:width\" content=\"219\" \/>\n\t<meta property=\"og:image:height\" content=\"400\" \/>\n\t<meta property=\"og:image:type\" content=\"image\/png\" \/>\n<meta name=\"twitter:card\" content=\"summary_large_image\" \/>\n<script type=\"application\/ld+json\" class=\"yoast-schema-graph\">{\"@context\":\"https:\/\/schema.org\",\"@graph\":[{\"@type\":\"WebPage\",\"@id\":\"https:\/\/ecolprint.pt\/staging\/produto\/workforce-pro-wf-c21000-d4twf\/\",\"url\":\"https:\/\/ecolprint.pt\/staging\/produto\/workforce-pro-wf-c21000-d4twf\/\",\"name\":\"WorkForce Pro WF-C21000 D4TWF - Ecolprint\",\"isPartOf\":{\"@id\":\"https:\/\/ecolprint.pt\/staging\/#website\"},\"primaryImageOfPage\":{\"@id\":\"https:\/\/ecolprint.pt\/staging\/produto\/workforce-pro-wf-c21000-d4twf\/#primaryimage\"},\"image\":{\"@id\":\"https:\/\/ecolprint.pt\/staging\/produto\/workforce-pro-wf-c21000-d4twf\/#primaryimage\"},\"thumbnailUrl\":\"https:\/\/ecolprint.pt\/staging\/wp-content\/uploads\/2022\/01\/21143-productpicture-hires-en-wf-c20590d4twf_rny.png.png\",\"datePublished\":\"2022-01-30T14:18:50+00:00\",\"dateModified\":\"2022-02-04T11:01:01+00:00\",\"description\":\"WorkForce Pro WF-C21000 D4TWF - EPSON\",\"breadcrumb\":{\"@id\":\"https:\/\/ecolprint.pt\/staging\/produto\/workforce-pro-wf-c21000-d4twf\/#breadcrumb\"},\"inLanguage\":\"pt-PT\",\"potentialAction\":[{\"@type\":\"ReadAction\",\"target\":[\"https:\/\/ecolprint.pt\/staging\/produto\/workforce-pro-wf-c21000-d4twf\/\"]}]},{\"@type\":\"ImageObject\",\"inLanguage\":\"pt-PT\",\"@id\":\"https:\/\/ecolprint.pt\/staging\/produto\/workforce-pro-wf-c21000-d4twf\/#primaryimage\",\"url\":\"https:\/\/ecolprint.pt\/staging\/wp-content\/uploads\/2022\/01\/21143-productpicture-hires-en-wf-c20590d4twf_rny.png.png\",\"contentUrl\":\"https:\/\/ecolprint.pt\/staging\/wp-content\/uploads\/2022\/01\/21143-productpicture-hires-en-wf-c20590d4twf_rny.png.png\",\"width\":219,\"height\":400},{\"@type\":\"BreadcrumbList\",\"@id\":\"https:\/\/ecolprint.pt\/staging\/produto\/workforce-pro-wf-c21000-d4twf\/#breadcrumb\",\"itemListElement\":[{\"@type\":\"ListItem\",\"position\":1,\"name\":\"In\u00edcio\",\"item\":\"https:\/\/ecolprint.pt\/staging\/\"},{\"@type\":\"ListItem\",\"position\":2,\"name\":\"Produtos\",\"item\":\"https:\/\/ecolprint.pt\/staging\/produtos\/\"},{\"@type\":\"ListItem\",\"position\":3,\"name\":\"WorkForce Pro WF-C21000 D4TWF\"}]},{\"@type\":\"WebSite\",\"@id\":\"https:\/\/ecolprint.pt\/staging\/#website\",\"url\":\"https:\/\/ecolprint.pt\/staging\/\",\"name\":\"Ecolprint\",\"description\":\"Solu&ccedil;&otilde;es ecol&oacute;gicas de impress&atilde;o EPSON\",\"publisher\":{\"@id\":\"https:\/\/ecolprint.pt\/staging\/#organization\"},\"potentialAction\":[{\"@type\":\"SearchAction\",\"target\":{\"@type\":\"EntryPoint\",\"urlTemplate\":\"https:\/\/ecolprint.pt\/staging\/?s={search_term_string}\"},\"query-input\":{\"@type\":\"PropertyValueSpecification\",\"valueRequired\":true,\"valueName\":\"search_term_string\"}}],\"inLanguage\":\"pt-PT\"},{\"@type\":\"Organization\",\"@id\":\"https:\/\/ecolprint.pt\/staging\/#organization\",\"name\":\"Ecolprint\",\"url\":\"https:\/\/ecolprint.pt\/staging\/\",\"logo\":{\"@type\":\"ImageObject\",\"inLanguage\":\"pt-PT\",\"@id\":\"https:\/\/ecolprint.pt\/staging\/#\/schema\/logo\/image\/\",\"url\":\"https:\/\/ecolprint.pt\/staging\/wp-content\/uploads\/2022\/01\/cropped-ecolprint-03.png\",\"contentUrl\":\"https:\/\/ecolprint.pt\/staging\/wp-content\/uploads\/2022\/01\/cropped-ecolprint-03.png\",\"width\":5247,\"height\":1333,\"caption\":\"Ecolprint\"},\"image\":{\"@id\":\"https:\/\/ecolprint.pt\/staging\/#\/schema\/logo\/image\/\"},\"sameAs\":[\"https:\/\/www.facebook.com\/Impressaoecologica\/\"]}]}<\/script>\n<!-- \/ Yoast SEO plugin. -->","yoast_head_json":{"title":"WorkForce Pro WF-C21000 D4TWF - Ecolprint","description":"WorkForce Pro WF-C21000 D4TWF - EPSON","robots":{"index":"index","follow":"follow","max-snippet":"max-snippet:-1","max-image-preview":"max-image-preview:large","max-video-preview":"max-video-preview:-1"},"canonical":"https:\/\/ecolprint.pt\/staging\/produto\/workforce-pro-wf-c21000-d4twf\/","og_locale":"pt_PT","og_type":"article","og_title":"WorkForce Pro WF-C21000 D4TWF - Ecolprint","og_description":"WorkForce Pro WF-C21000 D4TWF - EPSON","og_url":"https:\/\/ecolprint.pt\/staging\/produto\/workforce-pro-wf-c21000-d4twf\/","og_site_name":"Ecolprint","article_publisher":"https:\/\/www.facebook.com\/Impressaoecologica\/","article_modified_time":"2022-02-04T11:01:01+00:00","og_image":[{"width":219,"height":400,"url":"https:\/\/ecolprint.pt\/staging\/wp-content\/uploads\/2022\/01\/21143-productpicture-hires-en-wf-c20590d4twf_rny.png.png","type":"image\/png"}],"twitter_card":"summary_large_image","schema":{"@context":"https:\/\/schema.org","@graph":[{"@type":"WebPage","@id":"https:\/\/ecolprint.pt\/staging\/produto\/workforce-pro-wf-c21000-d4twf\/","url":"https:\/\/ecolprint.pt\/staging\/produto\/workforce-pro-wf-c21000-d4twf\/","name":"WorkForce Pro WF-C21000 D4TWF - Ecolprint","isPartOf":{"@id":"https:\/\/ecolprint.pt\/staging\/#website"},"primaryImageOfPage":{"@id":"https:\/\/ecolprint.pt\/staging\/produto\/workforce-pro-wf-c21000-d4twf\/#primaryimage"},"image":{"@id":"https:\/\/ecolprint.pt\/staging\/produto\/workforce-pro-wf-c21000-d4twf\/#primaryimage"},"thumbnailUrl":"https:\/\/ecolprint.pt\/staging\/wp-content\/uploads\/2022\/01\/21143-productpicture-hires-en-wf-c20590d4twf_rny.png.png","datePublished":"2022-01-30T14:18:50+00:00","dateModified":"2022-02-04T11:01:01+00:00","description":"WorkForce Pro WF-C21000 D4TWF - EPSON","breadcrumb":{"@id":"https:\/\/ecolprint.pt\/staging\/produto\/workforce-pro-wf-c21000-d4twf\/#breadcrumb"},"inLanguage":"pt-PT","potentialAction":[{"@type":"ReadAction","target":["https:\/\/ecolprint.pt\/staging\/produto\/workforce-pro-wf-c21000-d4twf\/"]}]},{"@type":"ImageObject","inLanguage":"pt-PT","@id":"https:\/\/ecolprint.pt\/staging\/produto\/workforce-pro-wf-c21000-d4twf\/#primaryimage","url":"https:\/\/ecolprint.pt\/staging\/wp-content\/uploads\/2022\/01\/21143-productpicture-hires-en-wf-c20590d4twf_rny.png.png","contentUrl":"https:\/\/ecolprint.pt\/staging\/wp-content\/uploads\/2022\/01\/21143-productpicture-hires-en-wf-c20590d4twf_rny.png.png","width":219,"height":400},{"@type":"BreadcrumbList","@id":"https:\/\/ecolprint.pt\/staging\/produto\/workforce-pro-wf-c21000-d4twf\/#breadcrumb","itemListElement":[{"@type":"ListItem","position":1,"name":"In\u00edcio","item":"https:\/\/ecolprint.pt\/staging\/"},{"@type":"ListItem","position":2,"name":"Produtos","item":"https:\/\/ecolprint.pt\/staging\/produtos\/"},{"@type":"ListItem","position":3,"name":"WorkForce Pro WF-C21000 D4TWF"}]},{"@type":"WebSite","@id":"https:\/\/ecolprint.pt\/staging\/#website","url":"https:\/\/ecolprint.pt\/staging\/","name":"Ecolprint","description":"Solu&ccedil;&otilde;es ecol&oacute;gicas de impress&atilde;o EPSON","publisher":{"@id":"https:\/\/ecolprint.pt\/staging\/#organization"},"potentialAction":[{"@type":"SearchAction","target":{"@type":"EntryPoint","urlTemplate":"https:\/\/ecolprint.pt\/staging\/?s={search_term_string}"},"query-input":{"@type":"PropertyValueSpecification","valueRequired":true,"valueName":"search_term_string"}}],"inLanguage":"pt-PT"},{"@type":"Organization","@id":"https:\/\/ecolprint.pt\/staging\/#organization","name":"Ecolprint","url":"https:\/\/ecolprint.pt\/staging\/","logo":{"@type":"ImageObject","inLanguage":"pt-PT","@id":"https:\/\/ecolprint.pt\/staging\/#\/schema\/logo\/image\/","url":"https:\/\/ecolprint.pt\/staging\/wp-content\/uploads\/2022\/01\/cropped-ecolprint-03.png","contentUrl":"https:\/\/ecolprint.pt\/staging\/wp-content\/uploads\/2022\/01\/cropped-ecolprint-03.png","width":5247,"height":1333,"caption":"Ecolprint"},"image":{"@id":"https:\/\/ecolprint.pt\/staging\/#\/schema\/logo\/image\/"},"sameAs":["https:\/\/www.facebook.com\/Impressaoecologica\/"]}]}},"_links":{"self":[{"href":"https:\/\/ecolprint.pt\/staging\/wp-json\/wp\/v2\/product\/5263","targetHints":{"allow":["GET"]}}],"collection":[{"href":"https:\/\/ecolprint.pt\/staging\/wp-json\/wp\/v2\/product"}],"about":[{"href":"https:\/\/ecolprint.pt\/staging\/wp-json\/wp\/v2\/types\/product"}],"wp:featuredmedia":[{"embeddable":true,"href":"https:\/\/ecolprint.pt\/staging\/wp-json\/wp\/v2\/media\/5226"}],"wp:attachment":[{"href":"https:\/\/ecolprint.pt\/staging\/wp-json\/wp\/v2\/media?parent=5263"}],"wp:term":[{"taxonomy":"product_brand","embeddable":true,"href":"https:\/\/ecolprint.pt\/staging\/wp-json\/wp\/v2\/product_brand?post=5263"},{"taxonomy":"product_cat","embeddable":true,"href":"https:\/\/ecolprint.pt\/staging\/wp-json\/wp\/v2\/product_cat?post=5263"},{"taxonomy":"product_tag","embeddable":true,"href":"https:\/\/ecolprint.pt\/staging\/wp-json\/wp\/v2\/product_tag?post=5263"}],"curies":[{"name":"wp","href":"https:\/\/api.w.org\/{rel}","templated":true}]}}