{"id":3,"date":"2021-12-14T14:11:50","date_gmt":"2021-12-14T14:11:50","guid":{"rendered":"https:\/\/ecolprint.pt\/staging\/?page_id=3"},"modified":"2022-01-27T17:12:43","modified_gmt":"2022-01-27T17:12:43","slug":"politica-de-privacidade","status":"publish","type":"page","link":"https:\/\/ecolprint.pt\/staging\/politica-de-privacidade\/","title":{"rendered":"Pol\u00edtica de Privacidade"},"content":{"rendered":"<div class=\"fusion-fullwidth fullwidth-box fusion-builder-row-1 fusion-flex-container nonhundred-percent-fullwidth non-hundred-percent-height-scrolling\" style=\"--awb-border-radius-top-left:0px;--awb-border-radius-top-right:0px;--awb-border-radius-bottom-right:0px;--awb-border-radius-bottom-left:0px;--awb-flex-wrap:wrap;\" ><div class=\"fusion-builder-row fusion-row fusion-flex-align-items-flex-start fusion-flex-content-wrap\" style=\"max-width:1216.8px;margin-left: calc(-4% \/ 2 );margin-right: calc(-4% \/ 2 );\"><div class=\"fusion-layout-column fusion_builder_column fusion-builder-column-0 fusion_builder_column_1_1 1_1 fusion-flex-column\" style=\"--awb-bg-blend:overlay;--awb-bg-size:cover;--awb-width-large:100%;--awb-margin-top-large:0px;--awb-spacing-right-large:1.92%;--awb-margin-bottom-large:0px;--awb-spacing-left-large:1.92%;--awb-width-medium:100%;--awb-spacing-right-medium:1.92%;--awb-spacing-left-medium:1.92%;--awb-width-small:100%;--awb-spacing-right-small:1.92%;--awb-spacing-left-small:1.92%;\"><div class=\"fusion-column-wrapper fusion-flex-justify-content-flex-start fusion-content-layout-column\"><div class=\"fusion-text fusion-text-1\"><\/p>\n<p style=\"font-size: 19px;\" data-fusion-font=\"true\">A ECOLPRINT, est\u00e1 empenhada em proteger a privacidade do utilizador. Esta declara\u00e7\u00e3o de privacidade explica a recolha de dados e a utiliza\u00e7\u00e3o de procedimentos do website www.ecolprint.pt (doravante denominado \u201cWebsite\u201d). Ao aceder ao Website consideramos que os utilizadores est\u00e3o conscientes das pol\u00edticas presentes nesta declara\u00e7\u00e3o de privacidade.<\/p>\n<p style=\"font-size: 19px;\" data-fusion-font=\"true\">PORQU\u00ca ESTA POL\u00cdTICA DE PRIVACIDADE?<\/p>\n<p style=\"font-size: 19px;\" data-fusion-font=\"true\">Nesta Pol\u00edtica pretende-se dar a conhecer aos Utilizadores as regras gerais de tratamento de dados pessoais, os quais s\u00e3o recolhidos e tratados no estrito respeito e cumprimento do disposto na legisla\u00e7\u00e3o de prote\u00e7\u00e3o de dados pessoais em vigor em cada momento, nomeadamente o Regulamento (UE) 2016\/679 do Parlamento Europeu e do Conselho, de 27 de abril de 2016 (\u201cRGPD\u201d).<\/p>\n<p style=\"font-size: 19px;\" data-fusion-font=\"true\">Respeitamos as melhores pr\u00e1ticas no dom\u00ednio da seguran\u00e7a e da prote\u00e7\u00e3o dos dados pessoais, tendo para o efeito tomado as medidas t\u00e9cnicas e organizativas necess\u00e1rias por forma a cumprir o RGPD e garantir que o tratamento dos dados pessoais \u00e9 l\u00edcito, leal, transparente e limitado \u00e0s finalidades autorizadas.<\/p>\n<p style=\"font-size: 19px;\" data-fusion-font=\"true\">A ECOLPRINT est\u00e1 empenhada na prote\u00e7\u00e3o e confidencialidade dos dados pessoais, tendo adotado as medidas que considera adequadas para assegurar a exatid\u00e3o, integridade e confidencialidade dos dados pessoais, bem como, todos os demais direitos que assistem aos respetivos titulares.<\/p>\n<p style=\"font-size: 19px;\" data-fusion-font=\"true\">O QUE ABRANGE ESTA POL\u00cdTICA DE PRIVACIDADE?<\/p>\n<p style=\"font-size: 19px;\" data-fusion-font=\"true\">Esta Pol\u00edtica de Privacidade aplica-se exclusivamente \u00e0 recolha e tratamento de dados pessoais relativamente aos quais a ECOLPRINT \u00e9 respons\u00e1vel pelo respetivo tratamento, no \u00e2mbito dos servi\u00e7os e produtos disponibilizados aos seus Clientes\/Utilizadores e em todas as situa\u00e7\u00f5es em que ocorra um tratamento de dados pessoais.<\/p>\n<p style=\"font-size: 19px;\" data-fusion-font=\"true\">No nosso website poder\u00e3o estar inclu\u00eddos links de acesso a outros websites que s\u00e3o alheios \u00e0 ECOLPRINT. A disponibiliza\u00e7\u00e3o de tais links \u00e9 efetuada de boa-f\u00e9, n\u00e3o podendo a ECOLPRINT ser responsabilizada pela recolha e tratamento de dados pessoais efetuados atrav\u00e9s desses websites, nem assumindo qualquer responsabilidade relativamente a tais websites, nomeadamente quanto \u00e0 respetiva exatid\u00e3o, credibilidade e funcionalidades disponibilizadas nos mesmos.<\/p>\n<p style=\"font-size: 19px;\" data-fusion-font=\"true\">O QUE S\u00c3O DADOS PESSOAIS?<\/p>\n<p style=\"font-size: 19px;\" data-fusion-font=\"true\">Dados pessoais s\u00e3o qualquer informa\u00e7\u00e3o, de qualquer natureza e independentemente do respetivo suporte, incluindo som e imagem, relativa a uma pessoa singular identificada ou identific\u00e1vel.<\/p>\n<p style=\"font-size: 19px;\" data-fusion-font=\"true\">\u00c9 considerada identific\u00e1vel a pessoa singular que possa ser identificada, direta ou indiretamente, designadamente por refer\u00eancia a um nome, n\u00famero de identifica\u00e7\u00e3o, dados de localiza\u00e7\u00e3o, identificadores por via eletr\u00f3nica ou a um ou mais elementos espec\u00edficos da sua identidade f\u00edsica, fisiol\u00f3gica, gen\u00e9tica, mental, econ\u00f3mica, cultural ou social.<\/p>\n<p style=\"font-size: 19px;\" data-fusion-font=\"true\">NO QUE CONSISTE O TRATAMENTO DE DADOS PESSOAIS?<\/p>\n<p style=\"font-size: 19px;\" data-fusion-font=\"true\">O tratamento de dados pessoais consiste numa opera\u00e7\u00e3o ou conjunto de opera\u00e7\u00f5es efetuadas sobre dados pessoais ou conjuntos de dados pessoais, atrav\u00e9s de meios automatizados, ou n\u00e3o, nomeadamente a recolha, o registo, a organiza\u00e7\u00e3o, a estrutura\u00e7\u00e3o, a conserva\u00e7\u00e3o, a adapta\u00e7\u00e3o, a recupera\u00e7\u00e3o, a consulta, a utiliza\u00e7\u00e3o, a divulga\u00e7\u00e3o, difus\u00e3o, compara\u00e7\u00e3o, interconex\u00e3o, a limita\u00e7\u00e3o, o apagamento ou a destrui\u00e7\u00e3o.<\/p>\n<p style=\"font-size: 19px;\" data-fusion-font=\"true\">QUEM \u00c9 O RESPONS\u00c1VEL PELO TRATAMENTO DE DADOS?<\/p>\n<p style=\"font-size: 19px;\" data-fusion-font=\"true\">A entidade respons\u00e1vel pelo tratamento dos dados pessoais \u00e9 a ECOLPRINT que determina as finalidades e os meios de tratamento dos mesmos.<\/p>\n<p style=\"font-size: 19px;\" data-fusion-font=\"true\">Para este efeito, caso o titular dos dados pessoais necessite de entrar em contacto com o respons\u00e1vel pelo tratamento de dados, poder\u00e1 faz\u00ea-lo atrav\u00e9s dos meios e contactos indicados no website.<\/p>\n<p style=\"font-size: 19px;\" data-fusion-font=\"true\">QUAIS S\u00c3O OS TIPOS DE DADOS PESSOAIS TRATADOS?<\/p>\n<p style=\"font-size: 19px;\" data-fusion-font=\"true\">No \u00e2mbito das atividades que desenvolve, procede ao tratamento dos dados pessoais necess\u00e1rios \u00e0 presta\u00e7\u00e3o de servi\u00e7os e\/ou fornecimento de produtos, tratando dados como o nome, o n\u00famero de telefone e o endere\u00e7o de correio eletr\u00f3nico, conforme informa\u00e7\u00e3o mais detalhada disponibilizada aos titulares de dados pessoais.<\/p>\n<p style=\"font-size: 19px;\" data-fusion-font=\"true\">Caso exista consentimento pr\u00e9vio do Cliente\/Utilizador, este poder\u00e1 ser retirado a qualquer momento, sem que, contudo, a licitude do tratamento efetuado com base no consentimento previamente dado seja comprometida.<\/p>\n<p style=\"font-size: 19px;\" data-fusion-font=\"true\">QUANDO E COMO RECOLHEMOS OS SEUS DADOS PESSOAIS?<\/p>\n<p style=\"font-size: 19px;\" data-fusion-font=\"true\">Recolhemos os seus dados pessoais atrav\u00e9s do nosso website, garantindo, sempre que necess\u00e1rio, o pr\u00e9vio consentimento do titular dos dados pessoais.<\/p>\n<p style=\"font-size: 19px;\" data-fusion-font=\"true\">Os dados pessoais recolhidos podem ser tratados informaticamente e de forma automatizada ou n\u00e3o automatizada, garantindo em todos os casos o estrito cumprimento da legisla\u00e7\u00e3o de prote\u00e7\u00e3o de dados pessoais. Em situa\u00e7\u00e3o alguma, os dados recolhidos ser\u00e3o utilizados para outra finalidade que n\u00e3o seja aquela para a qual foram recolhidos ou dado o consentimento por parte do titular dos dados.<\/p>\n<p style=\"font-size: 19px;\" data-fusion-font=\"true\">QUAIS AS FINALIDADES DO TRATAMENTO DOS DADOS PESSOAIS E RESPETIVOS FUNDAMENTOS JUR\u00cdDICOS?<\/p>\n<p style=\"font-size: 19px;\" data-fusion-font=\"true\">Os dados pessoais recolhidos t\u00eam como fundamento e destinam-se \u00e0 gest\u00e3o da rela\u00e7\u00e3o contratual, \u00e0 presta\u00e7\u00e3o dos servi\u00e7os contratados, \u00e0 adequa\u00e7\u00e3o dos servi\u00e7os \u00e0s necessidades e interesses do Cliente\/Utilizador.<\/p>\n<p style=\"font-size: 19px;\" data-fusion-font=\"true\">POR QUANTO TEMPO CONSERVAMOS OS SEUS DADOS PESSOAIS?<\/p>\n<p style=\"font-size: 19px;\" data-fusion-font=\"true\">O per\u00edodo de tempo durante o qual os dados pessoais s\u00e3o armazenados e conservados varia de acordo com a finalidade para a qual a informa\u00e7\u00e3o \u00e9 tratada.<\/p>\n<p style=\"font-size: 19px;\" data-fusion-font=\"true\">Existem requisitos legais que obrigam a conservar os dados por um per\u00edodo de tempo m\u00ednimo. Assim, e sempre que n\u00e3o exista uma exig\u00eancia legal espec\u00edfica, os dados ser\u00e3o armazenados e conservados apenas pelo per\u00edodo m\u00ednimo necess\u00e1rio para a prossecu\u00e7\u00e3o das finalidades que motivaram a sua recolha ou o seu posterior tratamento, nos termos definidos na lei.<\/p>\n<p style=\"font-size: 19px;\" data-fusion-font=\"true\">QUAIS S\u00c3O OS SEUS DIREITOS ENQUANTO TITULAR?<\/p>\n<p style=\"font-size: 19px;\" data-fusion-font=\"true\">Enquanto titulares dos dados pessoais, \u00e9 garantido aos Clientes\/Utilizadores, a qualquer momento, o direito de acesso, retifica\u00e7\u00e3o, atualiza\u00e7\u00e3o, limita\u00e7\u00e3o e apagamento dos seus dados pessoais. T\u00eam tamb\u00e9m o direito de oposi\u00e7\u00e3o \u00e0 utiliza\u00e7\u00e3o dos mesmos para fins comerciais e \u00e0 retirada do consentimento, sem que tal comprometa a licitude do tratamento efetuado ao abrigo desse consentimento, bem como o direito \u00e0 portabilidade dos dados.<\/p>\n<p style=\"font-size: 19px;\" data-fusion-font=\"true\">COMO PODER\u00c1 ACEDER, RETIFICAR, ATUALIZAR, LIMITAR, APAGAR, OPOR-SE AO TRATAMENTO DOS SEUS DADOS PESSOAIS, OU REMOVER O CONSENTIMENTO?<\/p>\n<p style=\"font-size: 19px;\" data-fusion-font=\"true\">Sem preju\u00edzo do disposto no RGPD, o titular dos dados pessoais poder\u00e1 faz\u00ea-lo, diretamente ou mediante pedido por escrito atrav\u00e9s dos contactos disponibilizados para o efeito no presente documento, bem como demais contactos disponibilizados no nosso website.<\/p>\n<p style=\"font-size: 19px;\" data-fusion-font=\"true\">COMO PODER\u00c1 ACEDER, RETIFICAR, ATUALIZAR, LIMITAR, APAGAR, OPOR-SE AO TRATAMENTO DOS SEUS DADOS PESSOAIS, OU REMOVER O CONSENTIMENTO?<\/p>\n<p style=\"font-size: 19px;\" data-fusion-font=\"true\">Sem preju\u00edzo do disposto no RGPD, o titular dos dados pessoais poder\u00e1 faz\u00ea-lo, diretamente ou mediante pedido por escrito atrav\u00e9s dos contactos disponibilizados para o efeito no presente documento, bem como demais contactos disponibilizados no nosso website.<\/p>\n<p style=\"font-size: 19px;\" data-fusion-font=\"true\">COMO PODE RECLAMAR?<\/p>\n<p style=\"font-size: 19px;\" data-fusion-font=\"true\">Sem preju\u00edzo de poder apresentar reclama\u00e7\u00f5es diretamente \u00e0 ECOLPRINT, atrav\u00e9s dos contactos disponibilizados para o efeito.<\/p>\n<p style=\"font-size: 19px;\" data-fusion-font=\"true\">QUAIS AS MEDIDAS ADOTADAS PARA ASSEGURAR A SEGURAN\u00c7A DOS SEUS DADOS PESSOAIS?<\/p>\n<p style=\"font-size: 19px;\" data-fusion-font=\"true\">Assumimos o compromisso de garantir a prote\u00e7\u00e3o da seguran\u00e7a dos dados pessoais que lhe s\u00e3o disponibilizados, tendo implementado rigorosas regras nesta mat\u00e9ria. O cumprimento destas regras constitui uma obriga\u00e7\u00e3o de todos aqueles que legalmente aos mesmos acedem.<\/p>\n<p style=\"font-size: 19px;\" data-fusion-font=\"true\">Neste sentido, todos os dados pessoais cedidos ficam armazenados de forma segura, num Datacenter coberto de todas as medidas de seguran\u00e7a indispens\u00e1veis \u00e0 prote\u00e7\u00e3o dos dados pessoais.<\/p>\n<p style=\"font-size: 19px;\" data-fusion-font=\"true\">N\u00e3o obstante as medidas de seguran\u00e7a adotadas alertamos a todos os que navegam na Internet que devem adotar medidas adicionais de seguran\u00e7a, designadamente, assegurar que utilizam um PC e um Browser atualizados em termos de \u201cpatches\u201d de seguran\u00e7a adequadamente configurados, com firewall ativa, antiv\u00edrus e anti-spyware e que se certifiquem da autenticidade dos websites que visitam na internet, devendo evitar websites em cuja reputa\u00e7\u00e3o n\u00e3o confiem.<\/p>\n<p style=\"font-size: 19px;\" data-fusion-font=\"true\">TRANSFER\u00caNCIA, COMUNICA\u00c7\u00c3O OU CED\u00caNCIA DOS SEUS DADOS PESSOAIS A TERCEIROS<\/p>\n<p style=\"font-size: 19px;\" data-fusion-font=\"true\">N\u00e3o transferimos, comunicamos ou cedemos os seus dados a terceiros.<\/p>\n<p style=\"font-size: 19px;\" data-fusion-font=\"true\">ALTERA\u00c7\u00d5ES \u00c0 POL\u00cdTICA DE PRIVACIDADE<\/p>\n<p style=\"font-size: 19px;\" data-fusion-font=\"true\">A ECOLPRINT reserva-se o direito de a qualquer altura, proceder a reajustamentos ou altera\u00e7\u00f5es \u00e0 presente Pol\u00edtica de Privacidade, sendo essas altera\u00e7\u00f5es efetuadas nesta pagina.<\/p><\/p>\n<\/div><\/div><\/div><\/div><\/div>","protected":false},"excerpt":{"rendered":"","protected":false},"author":1,"featured_media":0,"parent":0,"menu_order":0,"comment_status":"closed","ping_status":"open","template":"","meta":{"footnotes":""},"class_list":["post-3","page","type-page","status-publish","hentry"],"yoast_head":"<!-- This site is optimized with the Yoast SEO plugin v25.5 - https:\/\/yoast.com\/wordpress\/plugins\/seo\/ -->\n<title>Pol\u00edtica de Privacidade - Ecolprint<\/title>\n<meta name=\"robots\" content=\"index, follow, max-snippet:-1, max-image-preview:large, max-video-preview:-1\" \/>\n<link rel=\"canonical\" href=\"https:\/\/ecolprint.pt\/staging\/politica-de-privacidade\/\" \/>\n<meta property=\"og:locale\" content=\"pt_PT\" \/>\n<meta property=\"og:type\" content=\"article\" \/>\n<meta property=\"og:title\" content=\"Pol\u00edtica de Privacidade - Ecolprint\" \/>\n<meta property=\"og:url\" content=\"https:\/\/ecolprint.pt\/staging\/politica-de-privacidade\/\" \/>\n<meta property=\"og:site_name\" content=\"Ecolprint\" \/>\n<meta property=\"article:publisher\" content=\"https:\/\/www.facebook.com\/Impressaoecologica\/\" \/>\n<meta property=\"article:modified_time\" content=\"2022-01-27T17:12:43+00:00\" \/>\n<meta name=\"twitter:card\" content=\"summary_large_image\" \/>\n<meta name=\"twitter:label1\" content=\"Tempo estimado de leitura\" \/>\n\t<meta name=\"twitter:data1\" content=\"7 minutos\" \/>\n<script type=\"application\/ld+json\" class=\"yoast-schema-graph\">{\"@context\":\"https:\/\/schema.org\",\"@graph\":[{\"@type\":\"WebPage\",\"@id\":\"https:\/\/ecolprint.pt\/staging\/politica-de-privacidade\/\",\"url\":\"https:\/\/ecolprint.pt\/staging\/politica-de-privacidade\/\",\"name\":\"Pol\u00edtica de Privacidade - Ecolprint\",\"isPartOf\":{\"@id\":\"https:\/\/ecolprint.pt\/staging\/#website\"},\"datePublished\":\"2021-12-14T14:11:50+00:00\",\"dateModified\":\"2022-01-27T17:12:43+00:00\",\"breadcrumb\":{\"@id\":\"https:\/\/ecolprint.pt\/staging\/politica-de-privacidade\/#breadcrumb\"},\"inLanguage\":\"pt-PT\",\"potentialAction\":[{\"@type\":\"ReadAction\",\"target\":[\"https:\/\/ecolprint.pt\/staging\/politica-de-privacidade\/\"]}]},{\"@type\":\"BreadcrumbList\",\"@id\":\"https:\/\/ecolprint.pt\/staging\/politica-de-privacidade\/#breadcrumb\",\"itemListElement\":[{\"@type\":\"ListItem\",\"position\":1,\"name\":\"In\u00edcio\",\"item\":\"https:\/\/ecolprint.pt\/staging\/\"},{\"@type\":\"ListItem\",\"position\":2,\"name\":\"Pol\u00edtica de Privacidade\"}]},{\"@type\":\"WebSite\",\"@id\":\"https:\/\/ecolprint.pt\/staging\/#website\",\"url\":\"https:\/\/ecolprint.pt\/staging\/\",\"name\":\"Ecolprint\",\"description\":\"Solu&ccedil;&otilde;es ecol&oacute;gicas de impress&atilde;o EPSON\",\"publisher\":{\"@id\":\"https:\/\/ecolprint.pt\/staging\/#organization\"},\"potentialAction\":[{\"@type\":\"SearchAction\",\"target\":{\"@type\":\"EntryPoint\",\"urlTemplate\":\"https:\/\/ecolprint.pt\/staging\/?s={search_term_string}\"},\"query-input\":{\"@type\":\"PropertyValueSpecification\",\"valueRequired\":true,\"valueName\":\"search_term_string\"}}],\"inLanguage\":\"pt-PT\"},{\"@type\":\"Organization\",\"@id\":\"https:\/\/ecolprint.pt\/staging\/#organization\",\"name\":\"Ecolprint\",\"url\":\"https:\/\/ecolprint.pt\/staging\/\",\"logo\":{\"@type\":\"ImageObject\",\"inLanguage\":\"pt-PT\",\"@id\":\"https:\/\/ecolprint.pt\/staging\/#\/schema\/logo\/image\/\",\"url\":\"https:\/\/ecolprint.pt\/staging\/wp-content\/uploads\/2022\/01\/cropped-ecolprint-03.png\",\"contentUrl\":\"https:\/\/ecolprint.pt\/staging\/wp-content\/uploads\/2022\/01\/cropped-ecolprint-03.png\",\"width\":5247,\"height\":1333,\"caption\":\"Ecolprint\"},\"image\":{\"@id\":\"https:\/\/ecolprint.pt\/staging\/#\/schema\/logo\/image\/\"},\"sameAs\":[\"https:\/\/www.facebook.com\/Impressaoecologica\/\"]}]}<\/script>\n<!-- \/ Yoast SEO plugin. -->","yoast_head_json":{"title":"Pol\u00edtica de Privacidade - Ecolprint","robots":{"index":"index","follow":"follow","max-snippet":"max-snippet:-1","max-image-preview":"max-image-preview:large","max-video-preview":"max-video-preview:-1"},"canonical":"https:\/\/ecolprint.pt\/staging\/politica-de-privacidade\/","og_locale":"pt_PT","og_type":"article","og_title":"Pol\u00edtica de Privacidade - Ecolprint","og_url":"https:\/\/ecolprint.pt\/staging\/politica-de-privacidade\/","og_site_name":"Ecolprint","article_publisher":"https:\/\/www.facebook.com\/Impressaoecologica\/","article_modified_time":"2022-01-27T17:12:43+00:00","twitter_card":"summary_large_image","twitter_misc":{"Tempo estimado de leitura":"7 minutos"},"schema":{"@context":"https:\/\/schema.org","@graph":[{"@type":"WebPage","@id":"https:\/\/ecolprint.pt\/staging\/politica-de-privacidade\/","url":"https:\/\/ecolprint.pt\/staging\/politica-de-privacidade\/","name":"Pol\u00edtica de Privacidade - Ecolprint","isPartOf":{"@id":"https:\/\/ecolprint.pt\/staging\/#website"},"datePublished":"2021-12-14T14:11:50+00:00","dateModified":"2022-01-27T17:12:43+00:00","breadcrumb":{"@id":"https:\/\/ecolprint.pt\/staging\/politica-de-privacidade\/#breadcrumb"},"inLanguage":"pt-PT","potentialAction":[{"@type":"ReadAction","target":["https:\/\/ecolprint.pt\/staging\/politica-de-privacidade\/"]}]},{"@type":"BreadcrumbList","@id":"https:\/\/ecolprint.pt\/staging\/politica-de-privacidade\/#breadcrumb","itemListElement":[{"@type":"ListItem","position":1,"name":"In\u00edcio","item":"https:\/\/ecolprint.pt\/staging\/"},{"@type":"ListItem","position":2,"name":"Pol\u00edtica de Privacidade"}]},{"@type":"WebSite","@id":"https:\/\/ecolprint.pt\/staging\/#website","url":"https:\/\/ecolprint.pt\/staging\/","name":"Ecolprint","description":"Solu&ccedil;&otilde;es ecol&oacute;gicas de impress&atilde;o EPSON","publisher":{"@id":"https:\/\/ecolprint.pt\/staging\/#organization"},"potentialAction":[{"@type":"SearchAction","target":{"@type":"EntryPoint","urlTemplate":"https:\/\/ecolprint.pt\/staging\/?s={search_term_string}"},"query-input":{"@type":"PropertyValueSpecification","valueRequired":true,"valueName":"search_term_string"}}],"inLanguage":"pt-PT"},{"@type":"Organization","@id":"https:\/\/ecolprint.pt\/staging\/#organization","name":"Ecolprint","url":"https:\/\/ecolprint.pt\/staging\/","logo":{"@type":"ImageObject","inLanguage":"pt-PT","@id":"https:\/\/ecolprint.pt\/staging\/#\/schema\/logo\/image\/","url":"https:\/\/ecolprint.pt\/staging\/wp-content\/uploads\/2022\/01\/cropped-ecolprint-03.png","contentUrl":"https:\/\/ecolprint.pt\/staging\/wp-content\/uploads\/2022\/01\/cropped-ecolprint-03.png","width":5247,"height":1333,"caption":"Ecolprint"},"image":{"@id":"https:\/\/ecolprint.pt\/staging\/#\/schema\/logo\/image\/"},"sameAs":["https:\/\/www.facebook.com\/Impressaoecologica\/"]}]}},"_links":{"self":[{"href":"https:\/\/ecolprint.pt\/staging\/wp-json\/wp\/v2\/pages\/3","targetHints":{"allow":["GET"]}}],"collection":[{"href":"https:\/\/ecolprint.pt\/staging\/wp-json\/wp\/v2\/pages"}],"about":[{"href":"https:\/\/ecolprint.pt\/staging\/wp-json\/wp\/v2\/types\/page"}],"author":[{"embeddable":true,"href":"https:\/\/ecolprint.pt\/staging\/wp-json\/wp\/v2\/users\/1"}],"replies":[{"embeddable":true,"href":"https:\/\/ecolprint.pt\/staging\/wp-json\/wp\/v2\/comments?post=3"}],"version-history":[{"count":5,"href":"https:\/\/ecolprint.pt\/staging\/wp-json\/wp\/v2\/pages\/3\/revisions"}],"predecessor-version":[{"id":5116,"href":"https:\/\/ecolprint.pt\/staging\/wp-json\/wp\/v2\/pages\/3\/revisions\/5116"}],"wp:attachment":[{"href":"https:\/\/ecolprint.pt\/staging\/wp-json\/wp\/v2\/media?parent=3"}],"curies":[{"name":"wp","href":"https:\/\/api.w.org\/{rel}","templated":true}]}}